{"id":793,"date":"2024-10-04T09:07:31","date_gmt":"2024-10-04T07:07:31","guid":{"rendered":"https:\/\/copenhagencatering.dk\/?page_id=793"},"modified":"2025-11-12T15:06:35","modified_gmt":"2025-11-12T14:06:35","slug":"catering-services","status":"publish","type":"page","link":"https:\/\/copenhagencatering.dk\/en\/catering-services\/","title":{"rendered":"Catering services"},"content":{"rendered":"<p>Copenhagen Catering is your professional partner when you need food delivered to an event. With years of experience in catering, we know how to deliver a product that matches any event.<br \/>\nWhen you&#8217;re in charge of an event, you usually have enough on your plate. That&#8217;s why catering is the optimal solution, as you don&#8217;t have to worry about that and can spend your time on the event. We are your professional partner when it comes to catering, we always make sure that the food is delivered at the agreed time in practical trays that make it easy to serve.<\/p>\n<h2>CATERING FOR ALL TYPES OF EVENTS<\/h2>\n<ul>\n<li>Copenhagen Catering delivers food for all types of events, whether it is for:<\/li>\n<li>Reception food<\/li>\n<li>Company party<\/li>\n<li>Birthday party<\/li>\n<li>A wedding<\/li>\n<li>Christmas lunch<\/li>\n<li>Lunch platter<\/li>\n<li>New Year&#8217;s menu<\/li>\n<li>Course and food for meetings<\/li>\n<li>Or a completely different event?<\/li>\n<li>WHERE IS CATERING DELIVERED TO?<\/li>\n<\/ul>\n<p>Copenhagen Catering is located in Kastrup and delivers catering to all of Copenhagen and the surrounding area, including cities such as Valby, Frederiksberg, Vanl\u00f8se, Br\u00f8nsh\u00f8j, \u00d8sterbro, N\u00f8rrebro, Vesterbro, Amager and more.<\/p>\n<h2>INTERESTED IN HEARING MORE ABOUT OUR CATERING?<\/h2>\n<p>You are very welcome to contact Copenhagen Catering if you would like more information about our catering in Copenhagen. You can contact us on <a href=\"tel:+4532540123\">+45 32 54 01 23<\/a> or use our <a href=\"https:\/\/copenhagencatering.dk\/en\/contact-us\/\">contact form<\/a>.<\/p>\n","protected":false},"excerpt":{"rendered":"<p>Copenhagen Catering is your professional partner when you need food delivered to an event. With years of experience in catering,&#8230;<\/p>\n","protected":false},"author":1,"featured_media":0,"parent":0,"menu_order":0,"comment_status":"closed","ping_status":"closed","template":"","meta":{"_acf_changed":false,"footnotes":""},"acf":[],"yoast_head":"<!-- This site is optimized with the Yoast SEO plugin v23.2 - https:\/\/yoast.com\/wordpress\/plugins\/seo\/ -->\n<title>Catering | Delicious food for all types of events | Read here<\/title>\n<meta name=\"description\" content=\"Copenhagen Catering is your professional partner offering Catering for all types of events - Contact us directly on tel. +45 32 54 01 23\" \/>\n<meta name=\"robots\" content=\"index, follow, max-snippet:-1, max-image-preview:large, max-video-preview:-1\" \/>\n<link rel=\"canonical\" href=\"https:\/\/copenhagencatering.dk\/en\/catering-services\/\" \/>\n<meta property=\"og:locale\" content=\"en_US\" \/>\n<meta property=\"og:type\" content=\"article\" \/>\n<meta property=\"og:title\" content=\"Catering | Delicious food for all types of events | Read here\" \/>\n<meta property=\"og:description\" content=\"Copenhagen Catering is your professional partner offering Catering for all types of events - Contact us directly on tel. +45 32 54 01 23\" \/>\n<meta property=\"og:url\" content=\"https:\/\/copenhagencatering.dk\/en\/catering-services\/\" \/>\n<meta property=\"og:site_name\" content=\"Copenhagen Catering (en)\" \/>\n<meta property=\"article:modified_time\" content=\"2025-11-12T14:06:35+00:00\" \/>\n<meta name=\"twitter:card\" content=\"summary_large_image\" \/>\n<meta name=\"twitter:label1\" content=\"Est. reading time\" \/>\n\t<meta name=\"twitter:data1\" content=\"2 minutes\" \/>\n<!-- \/ Yoast SEO plugin. -->","yoast_head_json":{"title":"Catering | Delicious food for all types of events | Read here","description":"Copenhagen Catering is your professional partner offering Catering for all types of events - Contact us directly on tel. +45 32 54 01 23","robots":{"index":"index","follow":"follow","max-snippet":"max-snippet:-1","max-image-preview":"max-image-preview:large","max-video-preview":"max-video-preview:-1"},"canonical":"https:\/\/copenhagencatering.dk\/en\/catering-services\/","og_locale":"en_US","og_type":"article","og_title":"Catering | Delicious food for all types of events | Read here","og_description":"Copenhagen Catering is your professional partner offering Catering for all types of events - Contact us directly on tel. +45 32 54 01 23","og_url":"https:\/\/copenhagencatering.dk\/en\/catering-services\/","og_site_name":"Copenhagen Catering (en)","article_modified_time":"2025-11-12T14:06:35+00:00","twitter_card":"summary_large_image","twitter_misc":{"Est. reading time":"2 minutes"},"schema":{"@context":"https:\/\/schema.org","@graph":[{"@type":"WebPage","@id":"https:\/\/copenhagencatering.dk\/en\/catering-services\/","url":"https:\/\/copenhagencatering.dk\/en\/catering-services\/","name":"Catering | Delicious food for all types of events | Read here","isPartOf":{"@id":"https:\/\/copenhagencatering.dk\/en\/#website"},"datePublished":"2024-10-04T07:07:31+00:00","dateModified":"2025-11-12T14:06:35+00:00","description":"Copenhagen Catering is your professional partner offering Catering for all types of events - Contact us directly on tel. +45 32 54 01 23","breadcrumb":{"@id":"https:\/\/copenhagencatering.dk\/en\/catering-services\/#breadcrumb"},"inLanguage":"en-US","potentialAction":[{"@type":"ReadAction","target":["https:\/\/copenhagencatering.dk\/en\/catering-services\/"]}]},{"@type":"BreadcrumbList","@id":"https:\/\/copenhagencatering.dk\/en\/catering-services\/#breadcrumb","itemListElement":[{"@type":"ListItem","position":1,"name":"Hjem","item":"https:\/\/copenhagencatering.dk\/en\/"},{"@type":"ListItem","position":2,"name":"Catering services"}]},{"@type":"WebSite","@id":"https:\/\/copenhagencatering.dk\/en\/#website","url":"https:\/\/copenhagencatering.dk\/en\/","name":"Copenhagen Catering (en)","description":"","potentialAction":[{"@type":"SearchAction","target":{"@type":"EntryPoint","urlTemplate":"https:\/\/copenhagencatering.dk\/en\/?s={search_term_string}"},"query-input":"required name=search_term_string"}],"inLanguage":"en-US"}]}},"_links":{"self":[{"href":"https:\/\/copenhagencatering.dk\/en\/wp-json\/wp\/v2\/pages\/793"}],"collection":[{"href":"https:\/\/copenhagencatering.dk\/en\/wp-json\/wp\/v2\/pages"}],"about":[{"href":"https:\/\/copenhagencatering.dk\/en\/wp-json\/wp\/v2\/types\/page"}],"author":[{"embeddable":true,"href":"https:\/\/copenhagencatering.dk\/en\/wp-json\/wp\/v2\/users\/1"}],"replies":[{"embeddable":true,"href":"https:\/\/copenhagencatering.dk\/en\/wp-json\/wp\/v2\/comments?post=793"}],"version-history":[{"count":9,"href":"https:\/\/copenhagencatering.dk\/en\/wp-json\/wp\/v2\/pages\/793\/revisions"}],"predecessor-version":[{"id":1208,"href":"https:\/\/copenhagencatering.dk\/en\/wp-json\/wp\/v2\/pages\/793\/revisions\/1208"}],"wp:attachment":[{"href":"https:\/\/copenhagencatering.dk\/en\/wp-json\/wp\/v2\/media?parent=793"}],"curies":[{"name":"wp","href":"https:\/\/api.w.org\/{rel}","templated":true}]}}